{"id":498,"date":"2016-07-29T15:18:01","date_gmt":"2016-07-29T13:18:01","guid":{"rendered":"http:\/\/www.villa-afrodita.com\/de\/makarska\/"},"modified":"2019-11-22T17:40:15","modified_gmt":"2019-11-22T16:40:15","slug":"makarska","status":"publish","type":"page","link":"https:\/\/www.villa-afrodita.com\/de\/makarska\/","title":{"rendered":"Makarska"},"content":{"rendered":"<p>[vc_row full_width=&#8221;stretch_row_content&#8221; content_placement=&#8221;middle&#8221; parallax=&#8221;content-moving&#8221; parallax_image=&#8221;326&#8243;][vc_column]<div class=\"awe-special-heading text-center\" style=\"color:#ffffff;\"><h2>MAKARSKA<\/h2><\/div>[\/vc_column][\/vc_row][vc_row parallax=&#8221;content-moving&#8221; css=&#8221;.vc_custom_1470043966345{padding-top: 20px !important;}&#8221;][vc_column width=&#8221;3\/4&#8243;][vc_column_text size=&#8221;0&#8243;]<\/p>\n<p style=\"text-align: justify;\"><strong>Makarska<\/strong> \u2013 ist eine der beliebtesten touristischen Reiseziele in der Mitte der Region Dalmatien in Kroatien. Sch\u00f6ne Stadt mit R\u00f6mischen Dalmatinischen Architektur hat ihren Platz in der \u00f6kologischen gr\u00fcnen Umgebung am Fu\u00dfe des Biokovo in tiefen ruhigen Bucht, umgeben von zwei Halbinseln Osejava und St. Peter.<br \/>\nDas einzigartige Mikroklima mit hohen Anteil an Sonnentagen im Jahr, Strand im Schatten der Pinien, wilde Natur, in der N\u00e4he der historischen St\u00e4tten, lange Spazierwege auf der ganzen Makarska Riviera und viele sportliche Aktivit\u00e4ten auf dem Meer, die viele Touristen anzieht.<\/p>\n<p>[\/vc_column_text][vc_media_grid gap=&#8221;0&#8243; item=&#8221;mediaGrid_SimpleOverlay&#8221; initial_loading_animation=&#8221;rollIn&#8221; grid_id=&#8221;vc_gid:1470320227721-e9bede7a-b258-2&#8243; include=&#8221;354,335,342&#8243;][vc_column_text size=&#8221;0&#8243;]<\/p>\n<p style=\"text-align: justify;\">In der Stadt Makarska Touristen kommen aus anderen Orten der Stadt, Museen zu besuchen, wo befinden sich Sammlungen von Muscheln, der gr\u00f6\u00dften in der Region, besuchen Sie den Naturpark Biokovo, botanischen G\u00e4rten und den lokalen Port wird zu Bootsfahrten und die F\u00e4hren starten, regelm\u00e4\u00dfig zu den Inseln Korcula, Hvar und Brac laufen.<br \/>\nDas Hauptmerkmal dieses Ortes sind Str\u00e4nde, die zu den saubersten und gr\u00f6\u00dften in Kroatien sind. Saubere und sch\u00f6ne Meer und die unber\u00fchrte Natur. In der Stadt Makarska, gibt es viele charmante Caf\u00e9s, Restaurants und Pubs, wo der Spa\u00df lange in die Nacht hinein l\u00e4uft. Sommer in Makarska bietet viele kulturelle Veranstaltungen wie Angeln Abende, Nacht Kalelarga, Konzerte und viele andere Veranstaltungen, so dass die Besucher nie langweilig wird.<br \/>\nSch\u00f6ne Promenade von Makarska erstreckt sich vom Hafen bis zum Ende der Makarska Riviera Hotels weiter, jedes Mal zu bemerken alle neuen Details \u00fcber die unvergessliche Landschaft und entspannen Sie sich mit bunten und duftenden mediterranen Vegetation.<\/p>\n<p>[\/vc_column_text][\/vc_column][vc_column width=&#8221;1\/4&#8243;][vc_tta_accordion style=&#8221;modern&#8221; shape=&#8221;square&#8221; color=&#8221;sky&#8221; gap=&#8221;1&#8243; c_icon=&#8221;chevron&#8221; active_section=&#8221;0&#8243; title=&#8221;INFO&#8221; no_fill=&#8221;true&#8221; collapsible_all=&#8221;true&#8221; css=&#8221;.vc_custom_1470317603922{background-color: #61a5e4 !important;}&#8221;][vc_tta_section title=&#8221;F\u00c4HRE&#8221; tab_id=&#8221;1470042880472-90d527d6-d4f2&#8243; subtitle=&#8221;Vozni red&#8221;][vc_column_text size=&#8221;0&#8243;]<\/p>\n<p style=\"text-align: center;\"><i class=\"icon hillter-icon-phone\"><\/i> +385 (0)21 648 224<\/p>\n<p style=\"text-align: center;\"><i class=\"icon hillter-icon-location\"><\/i> Ka\u010di\u0107ev trg 16<\/p>\n<p><a href=\"http:\/\/www.jadrolinija.hr\/\"><img loading=\"lazy\" class=\"aligncenter size-full wp-image-378\" src=\"http:\/\/www.villa-afrodita.com\/wp-content\/uploads\/2016\/07\/Jadrolinija_logo.jpg\" alt=\"Jadrolinija_logo\" width=\"200\" height=\"68\" \/><\/a>[\/vc_column_text][\/vc_tta_section][vc_tta_section title=&#8221; BUSHALTESTELLE&#8221; tab_id=&#8221;1470042878715-aa318808-9665&#8243; subtitle=&#8221;Vozni red&#8221;][vc_column_text size=&#8221;0&#8243;]<\/p>\n<p style=\"text-align: center;\"><i class=\"icon hillter-icon-phone\"><\/i> +385 (0)21 612 333<\/p>\n<p style=\"text-align: center;\"><i class=\"icon hillter-icon-location\"><\/i> Ante Star\u010devi\u0107a 30<\/p>\n<p><a href=\"http:\/\/www.promet-makarska.hr\"><img loading=\"lazy\" class=\"aligncenter size-medium wp-image-379\" src=\"http:\/\/www.villa-afrodita.com\/wp-content\/uploads\/2016\/07\/logo-1-300x36.png\" alt=\"logo (1)\" width=\"300\" height=\"36\" srcset=\"https:\/\/www.villa-afrodita.com\/wp-content\/uploads\/2016\/07\/logo-1-300x36.png 300w, https:\/\/www.villa-afrodita.com\/wp-content\/uploads\/2016\/07\/logo-1.png 395w\" sizes=\"(max-width: 300px) 100vw, 300px\" \/><\/a>[\/vc_column_text][\/vc_tta_section][vc_tta_section title=&#8221;FLUGHAFEN&#8221; tab_id=&#8221;1470043804564-4dff4930-88ed&#8221;][vc_column_text size=&#8221;0&#8243;]<\/p>\n<p style=\"text-align: center;\"><i class=\"icon hillter-icon-phone\"><\/i> +385 (0)21 203 555<\/p>\n<p style=\"text-align: center;\"><i class=\"icon hillter-icon-location\"><\/i> Cesta Dr. Franje Tu\u0111mana 1270, 21217, Ka\u0161tel \u0160tafili\u0107<\/p>\n<p><a href=\"http:\/\/www.split-airport.hr\/index.php?lang=hr\"><img loading=\"lazy\" class=\"aligncenter size-medium wp-image-382\" src=\"http:\/\/www.villa-afrodita.com\/wp-content\/uploads\/2016\/07\/zracna-luka-split-300x56.jpg\" alt=\"zracna-luka-split\" width=\"300\" height=\"56\" srcset=\"https:\/\/www.villa-afrodita.com\/wp-content\/uploads\/2016\/07\/zracna-luka-split-300x56.jpg 300w, https:\/\/www.villa-afrodita.com\/wp-content\/uploads\/2016\/07\/zracna-luka-split.jpg 320w\" sizes=\"(max-width: 300px) 100vw, 300px\" \/><\/a>[\/vc_column_text][\/vc_tta_section][vc_tta_section title=&#8221;REISEB\u00dcRO&#8221; tab_id=&#8221;1470317481645-c1d4e4ed-d49b&#8221;][vc_column_text size=&#8221;0&#8243;]<\/p>\n<p style=\"text-align: center;\"><i class=\"icon hillter-icon-phone\"><\/i> +385 (0)21 612 002<\/p>\n<p style=\"text-align: center;\"><i class=\"icon hillter-icon-location\"><\/i> Obala Kralja Tomislava 16<\/p>\n<p><a href=\"http:\/\/makarska-info.hr\/hr\/159\/turisticka-zajednica\"><img loading=\"lazy\" class=\"aligncenter size-full wp-image-490\" src=\"http:\/\/www.villa-afrodita.com\/wp-content\/uploads\/2016\/07\/tz_makarska.png\" alt=\"tz_makarska\" width=\"166\" height=\"64\" \/><\/a>[\/vc_column_text][\/vc_tta_section][\/vc_tta_accordion][\/vc_column][\/vc_row]<\/p>\n","protected":false},"excerpt":{"rendered":"<p>[vc_row full_width=&#8221;stretch_row_content&#8221; content_placement=&#8221;middle&#8221; parallax=&#8221;content-moving&#8221; parallax_image=&#8221;326&#8243;][vc_column][\/vc_column][\/vc_row][vc_row parallax=&#8221;content-moving&#8221; css=&#8221;.vc_custom_1470043966345{padding-top: 20px !important;}&#8221;][vc_column width=&#8221;3\/4&#8243;][vc_column_text size=&#8221;0&#8243;] Makarska \u2013 ist eine der beliebtesten touristischen Reiseziele in der Mitte der Region Dalmatien in Kroatien. Sch\u00f6ne Stadt mit R\u00f6mischen Dalmatinischen Architektur hat ihren Platz in der \u00f6kologischen gr\u00fcnen Umgebung am Fu\u00dfe des Biokovo in tiefen ruhigen Bucht, umgeben von zwei Halbinseln Osejava und &hellip;<\/p>\n","protected":false},"author":1,"featured_media":0,"parent":0,"menu_order":0,"comment_status":"closed","ping_status":"closed","template":"","meta":[],"_links":{"self":[{"href":"https:\/\/www.villa-afrodita.com\/de\/wp-json\/wp\/v2\/pages\/498"}],"collection":[{"href":"https:\/\/www.villa-afrodita.com\/de\/wp-json\/wp\/v2\/pages"}],"about":[{"href":"https:\/\/www.villa-afrodita.com\/de\/wp-json\/wp\/v2\/types\/page"}],"author":[{"embeddable":true,"href":"https:\/\/www.villa-afrodita.com\/de\/wp-json\/wp\/v2\/users\/1"}],"replies":[{"embeddable":true,"href":"https:\/\/www.villa-afrodita.com\/de\/wp-json\/wp\/v2\/comments?post=498"}],"version-history":[{"count":3,"href":"https:\/\/www.villa-afrodita.com\/de\/wp-json\/wp\/v2\/pages\/498\/revisions"}],"predecessor-version":[{"id":502,"href":"https:\/\/www.villa-afrodita.com\/de\/wp-json\/wp\/v2\/pages\/498\/revisions\/502"}],"wp:attachment":[{"href":"https:\/\/www.villa-afrodita.com\/de\/wp-json\/wp\/v2\/media?parent=498"}],"curies":[{"name":"wp","href":"https:\/\/api.w.org\/{rel}","templated":true}]}}