{"id":503,"date":"2016-07-27T10:55:49","date_gmt":"2016-07-27T08:55:49","guid":{"rendered":"http:\/\/www.villa-afrodita.com\/de\/kontakt\/"},"modified":"2022-02-17T09:05:04","modified_gmt":"2022-02-17T08:05:04","slug":"kontakt","status":"publish","type":"page","link":"https:\/\/www.villa-afrodita.com\/de\/kontakt\/","title":{"rendered":"Kontakt"},"content":{"rendered":"<p>[vc_row full_width=&#8221;stretch_row&#8221; parallax=&#8221;content-moving&#8221; parallax_image=&#8221;201&#8243; enable_overlay=&#8221;true&#8221; bg_overlay=&#8221;rgba(0,0,0,0.12)&#8221;][vc_column]<div class=\"awe-special-heading text-center\" style=\"color:#ffffff;\"><h2>KONTAKT<\/h2><\/div>[\/vc_column][\/vc_row][vc_row][vc_column width=&#8221;1\/2&#8243;][vc_column_text size=&#8221;0&#8243;]<\/p>\n<h2>KONTAKTIERE UNS<\/h2>\n<p>Liebe G\u00e4ste, wenn Sie Fragen haben, in unserer Villa in Bezug auf Unterkunft. Bitte f\u00fcllen Sie in der nebenstehenden Formular.<\/p>\n<p>Wir stehen zu Ihrer Verf\u00fcgung.<\/p>\n<h2>Villa Afrodita<\/h2>\n<p>[\/vc_column_text][vc_raw_html]JTNDZGl2JTIwY2xhc3MlM0QlMjJjb250YWN0JTIyJTNFJTBBJTA5JTNDdWwlMjBjbGFzcyUzRCUyMnRleHQlMjIlM0UlMEElMDklMjAlMjAlMjAlMjAlM0NsaSUzRSUzQ2klMjBjbGFzcyUzRCUyMmljb24lMjBoaWxsdGVyLWljb24tbG9jYXRpb24lMjIlM0UlM0MlMkZpJTNFJTIwUHV0JTIwTW8lQzQlOERlJTIwNCUyQyUyME1ha2Fyc2thJTNDJTJGbGklM0UlMEElMDklMjAlMjAlMjAlMjAlM0NsaSUzRSUzQ2klMjBjbGFzcyUzRCUyMmljb24lMjBoaWxsdGVyLWljb24tcGhvbmUlMjIlM0UlM0MlMkZpJTNFJTIwJTJCMzg1JTIwOTglMjA0MzIlMjA2NDklM0MlMkZsaSUzRSUwQSUyMCUyMCUyMCUyMCUyMCUyMCUyMCUyMCUyMCUyMCUyMCUyMCUzQ2xpJTNFJTNDaSUyMGNsYXNzJTNEJTIyaWNvbiUyMGhpbGx0ZXItaWNvbi1waG9uZSUyMiUzRSUzQyUyRmklM0UlMjAlMkIzODUlMjA5OCUyMDE5NyUyMDk3JTIwMjYlM0MlMkZsaSUzRSUwQSUwOSUyMCUyMCUyMCUyMCUzQ2xpJTNFJTNDaSUyMGNsYXNzJTNEJTIyaWNvbiUyMGZhJTIwZmEtZW52ZWxvcGUtbyUyMiUzRSUzQyUyRmklM0VpbmZvJTQwdmlsbGEtYWZyb2RpdGEuY29tJTNDJTJGbGklM0UlMEElMDklM0MlMkZ1bCUzRSUwQSUzQyUyRmRpdiUzRQ==[\/vc_raw_html][\/vc_column][vc_column width=&#8221;1\/2&#8243;]<div role=\"form\" class=\"wpcf7\" id=\"wpcf7-f505-o1\" lang=\"hr\" dir=\"ltr\">\n<div class=\"screen-reader-response\"><p role=\"status\" aria-live=\"polite\" aria-atomic=\"true\"><\/p> <ul><\/ul><\/div>\n<form action=\"\/de\/wp-json\/wp\/v2\/pages\/503#wpcf7-f505-o1\" method=\"post\" class=\"wpcf7-form init wpcf7-acceptance-as-validation\" novalidate=\"novalidate\" data-status=\"init\">\n<div style=\"display: none;\">\n<input type=\"hidden\" name=\"_wpcf7\" value=\"505\" \/>\n<input type=\"hidden\" name=\"_wpcf7_version\" value=\"5.6\" \/>\n<input type=\"hidden\" name=\"_wpcf7_locale\" value=\"hr\" \/>\n<input type=\"hidden\" name=\"_wpcf7_unit_tag\" value=\"wpcf7-f505-o1\" \/>\n<input type=\"hidden\" name=\"_wpcf7_container_post\" value=\"0\" \/>\n<input type=\"hidden\" name=\"_wpcf7_posted_data_hash\" value=\"\" \/>\n<input type=\"hidden\" name=\"_wpcf7_recaptcha_response\" value=\"\" \/>\n<\/div>\n<div class=\"contact-form\">\n<div class=\"row\">\n<div class=\"col-sm-6\">\n\t\t\t<span class=\"wpcf7-form-control-wrap\" data-name=\"text-115\"><input type=\"text\" name=\"text-115\" value=\"\" size=\"40\" class=\"wpcf7-form-control wpcf7-text wpcf7-validates-as-required field-text\" aria-required=\"true\" aria-invalid=\"false\" placeholder=\"Ihr Name\" \/><\/span>\n\t\t<\/div>\n<div class=\"col-sm-6\">\n\t\t\t<span class=\"wpcf7-form-control-wrap\" data-name=\"email-555\"><input type=\"email\" name=\"email-555\" value=\"\" size=\"40\" class=\"wpcf7-form-control wpcf7-text wpcf7-email wpcf7-validates-as-required wpcf7-validates-as-email field-text\" aria-required=\"true\" aria-invalid=\"false\" placeholder=\"Ihre E-Mail\" \/><\/span>\n\t\t<\/div>\n<div class=\"col-sm-12\">\n\t\t\t<span class=\"wpcf7-form-control-wrap\" data-name=\"text-878\"><input type=\"text\" name=\"text-878\" value=\"\" size=\"40\" class=\"wpcf7-form-control wpcf7-text wpcf7-validates-as-required field-text\" aria-required=\"true\" aria-invalid=\"false\" placeholder=\"Betreff\" \/><\/span>\n\t\t<\/div>\n<div class=\"col-sm-12\">\n\t\t\t<span class=\"wpcf7-form-control-wrap\" data-name=\"textarea-331\"><textarea name=\"textarea-331\" cols=\"40\" rows=\"10\" class=\"wpcf7-form-control wpcf7-textarea wpcf7-validates-as-required field-textarea\" aria-required=\"true\" aria-invalid=\"false\" placeholder=\"Nachricht\"><\/textarea><\/span><\/br>\n\t\t<\/div>\n<p>                <\/br><\/p>\n<div class=\"col-sm-12\">\n\t\t\t<span class=\"wpcf7-form-control-wrap\" data-name=\"acceptance-898\"><span class=\"wpcf7-form-control wpcf7-acceptance\"><span class=\"wpcf7-list-item\"><input type=\"checkbox\" name=\"acceptance-898\" value=\"1\" aria-invalid=\"false\" \/><\/span><\/span><\/span> Ich stimme zu, dass diese Website meine eingereichten Informationen gem\u00e4\u00df ihrer <a href=\"http:\/\/www.villa-afrodita.com\/de\/privacy-policy\">Datenschutzrichtlinie<\/a> speichert, damit sie auf meine Anfrage antworten k\u00f6nnen.<\/br><\/br>\n                <\/div>\n<div class=\"col-sm-6\">\n\n<\/div>\n<div class=\"col-sm-6\">\n\t\t\t<input type=\"submit\" value=\"Senden\" class=\"wpcf7-form-control has-spinner wpcf7-submit awe-btn awe-btn-contact-default\" \/>\n\t\t<\/div>\n<\/div>\n<\/div>\n<div class=\"wpcf7-response-output\" aria-hidden=\"true\"><\/div><\/form><\/div>[\/vc_column][\/vc_row][vc_row][vc_column][vc_empty_space][\/vc_column][\/vc_row][vc_row full_width=&#8221;stretch_row_content_no_spaces&#8221; css=&#8221;.vc_custom_1440979319669{margin-bottom: 0px !important;}&#8221;][vc_column][awethemes_gmaps id=&#8221;map-5df8bd0d7d721&#8243; lat=&#8221;43.297752&#8243; lng=&#8221;17.026600&#8243; zoom=&#8221;15&#8243; scrollwheel=&#8221;false&#8221; googleapis_key=&#8221;AIzaSyC3K8bw_a9JT2oNcmNvCpLPK6Y7JrqGh80&#8243; markers=&#8221;%5B%7B%7D%5D&#8221;][\/vc_column][\/vc_row]<\/p>\n","protected":false},"excerpt":{"rendered":"<p>[vc_row full_width=&#8221;stretch_row&#8221; parallax=&#8221;content-moving&#8221; parallax_image=&#8221;201&#8243; enable_overlay=&#8221;true&#8221; bg_overlay=&#8221;rgba(0,0,0,0.12)&#8221;][vc_column][\/vc_column][\/vc_row][vc_row][vc_column width=&#8221;1\/2&#8243;][vc_column_text size=&#8221;0&#8243;] KONTAKTIERE UNS Liebe G\u00e4ste, wenn Sie Fragen haben, in unserer Villa in Bezug auf Unterkunft. Bitte f\u00fcllen Sie in der nebenstehenden Formular. Wir stehen zu Ihrer Verf\u00fcgung. Villa Afrodita [\/vc_column_text][vc_raw_html]JTNDZGl2JTIwY2xhc3MlM0QlMjJjb250YWN0JTIyJTNFJTBBJTA5JTNDdWwlMjBjbGFzcyUzRCUyMnRleHQlMjIlM0UlMEElMDklMjAlMjAlMjAlMjAlM0NsaSUzRSUzQ2klMjBjbGFzcyUzRCUyMmljb24lMjBoaWxsdGVyLWljb24tbG9jYXRpb24lMjIlM0UlM0MlMkZpJTNFJTIwUHV0JTIwTW8lQzQlOERlJTIwNCUyQyUyME1ha2Fyc2thJTNDJTJGbGklM0UlMEElMDklMjAlMjAlMjAlMjAlM0NsaSUzRSUzQ2klMjBjbGFzcyUzRCUyMmljb24lMjBoaWxsdGVyLWljb24tcGhvbmUlMjIlM0UlM0MlMkZpJTNFJTIwJTJCMzg1JTIwOTglMjA0MzIlMjA2NDklM0MlMkZsaSUzRSUwQSUyMCUyMCUyMCUyMCUyMCUyMCUyMCUyMCUyMCUyMCUyMCUyMCUzQ2xpJTNFJTNDaSUyMGNsYXNzJTNEJTIyaWNvbiUyMGhpbGx0ZXItaWNvbi1waG9uZSUyMiUzRSUzQyUyRmklM0UlMjAlMkIzODUlMjA5OCUyMDE5NyUyMDk3JTIwMjYlM0MlMkZsaSUzRSUwQSUwOSUyMCUyMCUyMCUyMCUzQ2xpJTNFJTNDaSUyMGNsYXNzJTNEJTIyaWNvbiUyMGZhJTIwZmEtZW52ZWxvcGUtbyUyMiUzRSUzQyUyRmklM0VpbmZvJTQwdmlsbGEtYWZyb2RpdGEuY29tJTNDJTJGbGklM0UlMEElMDklM0MlMkZ1bCUzRSUwQSUzQyUyRmRpdiUzRQ==[\/vc_raw_html][\/vc_column][vc_column width=&#8221;1\/2&#8243;][\/vc_column][\/vc_row][vc_row][vc_column][vc_empty_space][\/vc_column][\/vc_row][vc_row full_width=&#8221;stretch_row_content_no_spaces&#8221; css=&#8221;.vc_custom_1440979319669{margin-bottom: 0px !important;}&#8221;][vc_column][awethemes_gmaps id=&#8221;map-5df8bd0d7d721&#8243; lat=&#8221;43.297752&#8243; lng=&#8221;17.026600&#8243; zoom=&#8221;15&#8243; scrollwheel=&#8221;false&#8221; googleapis_key=&#8221;AIzaSyC3K8bw_a9JT2oNcmNvCpLPK6Y7JrqGh80&#8243; markers=&#8221;%5B%7B%7D%5D&#8221;][\/vc_column][\/vc_row]<\/p>\n","protected":false},"author":1,"featured_media":201,"parent":0,"menu_order":0,"comment_status":"closed","ping_status":"closed","template":"","meta":[],"_links":{"self":[{"href":"https:\/\/www.villa-afrodita.com\/de\/wp-json\/wp\/v2\/pages\/503"}],"collection":[{"href":"https:\/\/www.villa-afrodita.com\/de\/wp-json\/wp\/v2\/pages"}],"about":[{"href":"https:\/\/www.villa-afrodita.com\/de\/wp-json\/wp\/v2\/types\/page"}],"author":[{"embeddable":true,"href":"https:\/\/www.villa-afrodita.com\/de\/wp-json\/wp\/v2\/users\/1"}],"replies":[{"embeddable":true,"href":"https:\/\/www.villa-afrodita.com\/de\/wp-json\/wp\/v2\/comments?post=503"}],"version-history":[{"count":4,"href":"https:\/\/www.villa-afrodita.com\/de\/wp-json\/wp\/v2\/pages\/503\/revisions"}],"predecessor-version":[{"id":2341,"href":"https:\/\/www.villa-afrodita.com\/de\/wp-json\/wp\/v2\/pages\/503\/revisions\/2341"}],"wp:featuredmedia":[{"embeddable":true,"href":"https:\/\/www.villa-afrodita.com\/de\/wp-json\/wp\/v2\/media\/201"}],"wp:attachment":[{"href":"https:\/\/www.villa-afrodita.com\/de\/wp-json\/wp\/v2\/media?parent=503"}],"curies":[{"name":"wp","href":"https:\/\/api.w.org\/{rel}","templated":true}]}}