{"id":507,"date":"2016-07-27T10:55:50","date_gmt":"2016-07-27T08:55:50","guid":{"rendered":"http:\/\/www.villa-afrodita.com\/de\/o-nama\/"},"modified":"2019-11-22T17:13:22","modified_gmt":"2019-11-22T16:13:22","slug":"ueber-uns","status":"publish","type":"page","link":"https:\/\/www.villa-afrodita.com\/de\/ueber-uns\/","title":{"rendered":"\u00dcber Uns"},"content":{"rendered":"<p>[vc_row full_width=&#8221;stretch_row&#8221; parallax=&#8221;content-moving&#8221; parallax_image=&#8221;201&#8243; enable_overlay=&#8221;true&#8221; bg_overlay=&#8221;rgba(0,0,0,0.3)&#8221; css=&#8221;.vc_custom_1470306795355{padding-top: 150px !important;padding-bottom: 80px !important;}&#8221;][vc_column]<div class=\"awe-special-heading text-center\" style=\"color:#ffffff;\"><h2>VILLA AFRODITA<\/h2><\/div>[\/vc_column][\/vc_row][vc_row][vc_column width=&#8221;3\/4&#8243;]<div class=\"awe-special-heading text-left\"><h2>\u00dcBER UNS<\/h2><\/div>[vc_column_text size=&#8221;0&#8243;]<\/p>\n<p style=\"text-align: justify;\">Villa Afrodita erwartet Sie im Herzen der sch\u00f6nen Makarska in Dalmatien, die ein Synonym f\u00fcr einen idealen Urlaub.<\/p>\n<p style=\"text-align: justify;\">Unsere Villa besteht aus zwei Einheiten und erm\u00f6glicht es Ihnen, zwischen Anmietung einige von ihnen oder beide zu w\u00e4hlen. Das modernste und anspruchsvolle Dekoration erwartet Sie und ist sowohl im Sommer als auch im Winter. Die besondere Atmosph\u00e4re der Villa Afrodita schafft Innen Brunnen, die Wasserf\u00e4den von der Decke im Erdgeschoss der Villa absteigen. Unsere G\u00e4ste k\u00f6nnen sich auch auf den Au\u00dfenpool genie\u00dfen, die in den Wintermonaten genutzt werden kann. Es gibt auch einen Fitnessraum mit Sauna und Bad. Das Haus hat ein gro\u00dfer Garten mit einem gro\u00dfen Rasen und viel Gr\u00fcn. Es gibt auch M\u00f6bel im Schatten und Esstisch im Freien, ein Grill und Kinderspielplatz. Haustiere sind erlaubt und bleiben frei.<\/p>\n<p style=\"text-align: justify;\">Alle Zimmer sind ger\u00e4umig, eingerichtet von Designer mit einer gro\u00dfen Terrasse mit einem atemberaubenden und unvergesslichen Blick auf Makarska, die Inseln Brac, Hvar und der Halbinsel Peljesac. Alle Zimmer verf\u00fcgen \u00fcber ein eigenes modernes Bad mit den dazugeh\u00f6rigen Zubeh\u00f6r (Handt\u00fccher, Shampoos und \u00e4hnliches.)<\/p>\n<p style=\"text-align: justify;\">Ein besonderes Vergn\u00fcgen ist eine ger\u00e4umige Terrasse auf dem Dach der Villa, wo Platz befindet sich mit einem Jacuzzi-Whirlpool f\u00fcr 5 Personen und intime Sonnenterrasse zum Entspannen ein.<\/p>\n<p style=\"text-align: justify;\">Nat\u00fcrlich wird das Objekt abgedeckt mit kostenfreiem WLAN-Netz sowie den modernsten elektronischen Ger\u00e4ten (einem gro\u00dfen LCD-Fernseher, moderne Klimaanlage , angenehmes Raum LED-Beleuchtung, etc.)<\/p>\n<p style=\"text-align: justify;\">Wir bieten unseren G\u00e4sten die M\u00f6glichkeit der Lieferung von Lebensmitteln sowie Transfer zum Flughafen<\/p>\n<p>[\/vc_column_text][\/vc_column][vc_column width=&#8221;1\/4&#8243;]<div class=\"awe-special-heading text-left\"><h2>AUSSTATTUNG<\/h2><\/div>[vc_column_text size=&#8221;0&#8243;]<\/p>\n<ul>\n<li class=\"ig_afrodita\">WiFi<\/li>\n<li class=\"ig_afrodita\">Klimaanlage<\/li>\n<li class=\"ig_afrodita\">LCD-TV + SAT<\/li>\n<li class=\"ig_afrodita\">Schwimmbad<\/li>\n<li class=\"ig_afrodita\">Jacuzzi<\/li>\n<li class=\"ig_afrodita\">Sauna<\/li>\n<li class=\"ig_afrodita\">Mikrowelle<\/li>\n<li class=\"ig_afrodita\">Sp\u00fclmaschine<\/li>\n<li class=\"ig_afrodita\">Haustiere erlaubt<\/li>\n<li class=\"ig_afrodita\">Terrasse<\/li>\n<li class=\"ig_afrodita\">Kaffeemaschine<\/li>\n<li class=\"ig_afrodita\">Parkplatz<\/li>\n<li class=\"ig_afrodita\">Fitness<\/li>\n<li class=\"ig_afrodita\">Grill<\/li>\n<li class=\"ig_afrodita\">Zimmerservice<\/li>\n<\/ul>\n<p>[\/vc_column_text][\/vc_column][\/vc_row][vc_row full_width=&#8221;stretch_row&#8221; parallax=&#8221;content-moving&#8221; parallax_image=&#8221;234&#8243; enable_overlay=&#8221;true&#8221; bg_overlay=&#8221;rgba(72,72,72,0.6)&#8221; css=&#8221;.vc_custom_1470306688942{padding-top: 50px !important;padding-bottom: 50px !important;}&#8221;][vc_column]<div class=\"awe-special-heading text-center\" style=\"color:#ffffff;\"><h2>VILLA AFRODITA<\/h2><\/div>[vc_row_inner][vc_column_inner width=&#8221;1\/4&#8243;]\t\t<div class=\"statistics_item\">\n\t\t\t<span class=\"count\">2<\/span>\n\t\t\t<span>EINHEITEN<\/span>\t\t<\/div>\n\t\t[\/vc_column_inner][vc_column_inner width=&#8221;1\/4&#8243;]\t\t<div class=\"statistics_item\">\n\t\t\t<span class=\"count\">7<\/span>\n\t\t\t<span>ZIMMER<\/span>\t\t<\/div>\n\t\t[\/vc_column_inner][vc_column_inner width=&#8221;1\/4&#8243;]\t\t<div class=\"statistics_item\">\n\t\t\t<span class=\"count\">8<\/span>\n\t\t\t<span>BADEZIMMER<\/span>\t\t<\/div>\n\t\t[\/vc_column_inner][vc_column_inner width=&#8221;1\/4&#8243;]\t\t<div class=\"statistics_item\">\n\t\t\t<span class=\"count\">500<\/span>\n\t\t\t<span>FL\u00c4CHE-m2<\/span>\t\t<\/div>\n\t\t[\/vc_column_inner][\/vc_row_inner][\/vc_column][\/vc_row]<\/p>\n","protected":false},"excerpt":{"rendered":"<p>[vc_row full_width=&#8221;stretch_row&#8221; parallax=&#8221;content-moving&#8221; parallax_image=&#8221;201&#8243; enable_overlay=&#8221;true&#8221; bg_overlay=&#8221;rgba(0,0,0,0.3)&#8221; css=&#8221;.vc_custom_1470306795355{padding-top: 150px !important;padding-bottom: 80px !important;}&#8221;][vc_column][\/vc_column][\/vc_row][vc_row][vc_column width=&#8221;3\/4&#8243;][vc_column_text size=&#8221;0&#8243;] Villa Afrodita erwartet Sie im Herzen der sch\u00f6nen Makarska in Dalmatien, die ein Synonym f\u00fcr einen idealen Urlaub. Unsere Villa besteht aus zwei Einheiten und erm\u00f6glicht es Ihnen, zwischen Anmietung einige von ihnen oder beide zu w\u00e4hlen. Das modernste und anspruchsvolle Dekoration &hellip;<\/p>\n","protected":false},"author":1,"featured_media":2294,"parent":0,"menu_order":0,"comment_status":"closed","ping_status":"closed","template":"","meta":[],"_links":{"self":[{"href":"https:\/\/www.villa-afrodita.com\/de\/wp-json\/wp\/v2\/pages\/507"}],"collection":[{"href":"https:\/\/www.villa-afrodita.com\/de\/wp-json\/wp\/v2\/pages"}],"about":[{"href":"https:\/\/www.villa-afrodita.com\/de\/wp-json\/wp\/v2\/types\/page"}],"author":[{"embeddable":true,"href":"https:\/\/www.villa-afrodita.com\/de\/wp-json\/wp\/v2\/users\/1"}],"replies":[{"embeddable":true,"href":"https:\/\/www.villa-afrodita.com\/de\/wp-json\/wp\/v2\/comments?post=507"}],"version-history":[{"count":3,"href":"https:\/\/www.villa-afrodita.com\/de\/wp-json\/wp\/v2\/pages\/507\/revisions"}],"predecessor-version":[{"id":511,"href":"https:\/\/www.villa-afrodita.com\/de\/wp-json\/wp\/v2\/pages\/507\/revisions\/511"}],"wp:featuredmedia":[{"embeddable":true,"href":"https:\/\/www.villa-afrodita.com\/de\/wp-json\/wp\/v2\/media\/2294"}],"wp:attachment":[{"href":"https:\/\/www.villa-afrodita.com\/de\/wp-json\/wp\/v2\/media?parent=507"}],"curies":[{"name":"wp","href":"https:\/\/api.w.org\/{rel}","templated":true}]}}