{"id":513,"date":"2016-07-27T10:56:05","date_gmt":"2016-07-27T08:56:05","guid":{"rendered":"http:\/\/www.villa-afrodita.com\/de\/naslovna\/"},"modified":"2024-05-17T11:48:08","modified_gmt":"2024-05-17T09:48:08","slug":"naslovna","status":"publish","type":"page","link":"https:\/\/www.villa-afrodita.com\/de\/","title":{"rendered":"Home"},"content":{"rendered":"<p>[vc_row full_width=&#8221;stretch_row_content_no_spaces&#8221; enable_overlay=&#8221;&#8221; el_class=&#8221;awe-table&#8221;][vc_column][\/vc_column][\/vc_row][vc_row css=&#8221;.vc_custom_1456219997854{margin-top: -36px !important;}&#8221;][vc_column][vc_empty_space height=&#8221;1px&#8221;][\/vc_column][\/vc_row][vc_row full_width=&#8221;stretch_row&#8221; css=&#8221;.vc_custom_1645021194315{padding-bottom: 10px !important;background-color: #344a71 !important;}&#8221; el_class=&#8221;check-availability&#8221;][vc_column width=&#8221;1\/2&#8243; css=&#8221;.vc_custom_1645021156572{padding-top: 20px !important;}&#8221;][vc_column_text size=&#8221;0&#8243;]<\/p>\n<h2><span style=\"color: #ffffff;\">VERF\u00dcGBARKEIT PR\u00dcFEN<\/span><\/h2>\n<p>[\/vc_column_text][\/vc_column][vc_column width=&#8221;1\/2&#8243;][vc_row_inner][vc_column_inner width=&#8221;1\/2&#8243;]<div class=\"awe-btn-container awe-btn-left\"><a class=\"awe-btn awe-btn-medium awe-btn-outline\" href=\"https:\/\/www.villa-afrodita.com\/de\/villa\/afrodita-1-deluxe-villa\/\" title=\"AFRODITA 1 \u2013 DELUXE VILLA\" style=\"color:#ffffff;border-color:#ffffff;\">AFRODITA 1<\/a><\/div>[\/vc_column_inner][vc_column_inner width=&#8221;1\/2&#8243;]<div class=\"awe-btn-container awe-btn-left\"><a class=\"awe-btn awe-btn-medium awe-btn-outline\" href=\"https:\/\/www.villa-afrodita.com\/de\/villa\/afrodita-2-superior-villa\/\" title=\"AFRODITA 2 \u2013 VILLA SUPERIOR\" style=\"color:#ffffff;border-color:#ffffff;\">AFRODITA 2<\/a><\/div>[\/vc_column_inner][\/vc_row_inner][\/vc_column][\/vc_row][vc_row enable_overlay=&#8221;&#8221; css=&#8221;.vc_custom_1644588420422{margin-bottom: 60px !important;}&#8221;][vc_column width=&#8221;1\/2&#8243;][vc_column_text size=&#8221;0&#8243;]<img loading=\"lazy\" class=\"alignnone size-full wp-image-1681\" src=\"https:\/\/www.villa-afrodita.com\/wp-content\/uploads\/2019\/05\/cropped-DJI_0901.jpg\" alt=\"\" width=\"512\" height=\"512\" srcset=\"https:\/\/www.villa-afrodita.com\/wp-content\/uploads\/2019\/05\/cropped-DJI_0901.jpg 512w, https:\/\/www.villa-afrodita.com\/wp-content\/uploads\/2019\/05\/cropped-DJI_0901-300x300.jpg 300w, https:\/\/www.villa-afrodita.com\/wp-content\/uploads\/2019\/05\/cropped-DJI_0901-150x150.jpg 150w, https:\/\/www.villa-afrodita.com\/wp-content\/uploads\/2019\/05\/cropped-DJI_0901-350x350.jpg 350w, https:\/\/www.villa-afrodita.com\/wp-content\/uploads\/2019\/05\/cropped-DJI_0901-270x270.jpg 270w, https:\/\/www.villa-afrodita.com\/wp-content\/uploads\/2019\/05\/cropped-DJI_0901-192x192.jpg 192w, https:\/\/www.villa-afrodita.com\/wp-content\/uploads\/2019\/05\/cropped-DJI_0901-180x180.jpg 180w, https:\/\/www.villa-afrodita.com\/wp-content\/uploads\/2019\/05\/cropped-DJI_0901-32x32.jpg 32w\" sizes=\"(max-width: 512px) 100vw, 512px\" \/>[\/vc_column_text][\/vc_column][vc_column width=&#8221;1\/2&#8243;]<div class=\"awe-special-heading text-left\"><h2>VILLA AFRODITA<\/h2><div class=\"awe-subheading below\"><p>\u00dcBER UNS<\/p><\/div><\/div>[vc_column_text size=&#8221;0&#8243; el_class=&#8221;intro&#8221;]<\/p>\n<p style=\"text-align: justify;\">Villa Afrodita erwartet Sie im Herzen der sch\u00f6nen Makarska in Dalmatien, die ein Synonym f\u00fcr einen idealen Urlaub. Unsere Villa besteht aus zwei Einheiten &#8211; <a href=\"https:\/\/www.villa-afrodita.com\/de\/villa\/afrodita-1-deluxe-villa\/\">Villa Afrodita 1<\/a> und <a href=\"https:\/\/www.villa-afrodita.com\/de\/villa\/afrodita-2-superior-villa\/\">Villa Afrodita 2<\/a>, und erm\u00f6glicht es Ihnen, zwischen Anmietung einige von ihnen oder beide zu w\u00e4hlen. Das Haus ist vollst\u00e4ndig abgedeckt mit kostenlosem WLAN-Netz sowie den modernsten elektronischen Ger\u00e4ten.<\/p>\n<p style=\"text-align: justify;\">Wir bieten unseren G\u00e4sten die M\u00f6glichkeit der Lieferung von Lebensmitteln sowie Transfer zum Flughafen.<\/p>\n<p>[\/vc_column_text]<div class=\"awe-btn-container awe-btn-right\"><a class=\"awe-btn awe-btn-normal awe-btn-default\" href=\"http:\/\/www.villa-afrodita.com\/de\/ueber-uns\/\" title=\"\" style=\"background-color:#526586;border-color:#526586\">Lern mehr ...<\/a><\/div>[\/vc_column][\/vc_row][vc_row css=&#8221;.vc_custom_1456219955813{margin-bottom: 50px !important;}&#8221;][vc_column width=&#8221;1\/2&#8243;]<div class=\"awe-special-heading text-left\"><h2>AUSSTATTUNG<\/h2><div class=\"awe-subheading below\"><p>ANNEHMLICHKEITEN<\/p><\/div><\/div>[vc_column_text size=&#8221;0&#8243;]Villa Afrodita ist eine luxuri\u00f6se Villa mit 5 Sternen. Es wurde nach den h\u00f6chsten Standards gebaut. Es bietet seinen G\u00e4sten einen unvergesslichen Aufenthalt in Makarska.[\/vc_column_text][vc_row_inner][vc_column_inner width=&#8221;1\/3&#8243;][vc_column_text size=&#8221;0&#8243;]<\/p>\n<ul>\n<li class=\"ig_afrodita\">WiFi<\/li>\n<li class=\"ig_afrodita\">Klimaanlage<\/li>\n<li class=\"ig_afrodita\">LCD-TV + SAT<\/li>\n<li class=\"ig_afrodita\">Schwimmbad<\/li>\n<li class=\"ig_afrodita\">Jacuzzi<\/li>\n<\/ul>\n<p>[\/vc_column_text][\/vc_column_inner][vc_column_inner width=&#8221;1\/3&#8243;][vc_column_text size=&#8221;0&#8243;]<\/p>\n<ul>\n<li class=\"ig_afrodita\">Sauna<\/li>\n<li class=\"ig_afrodita\">Mikrowelle<\/li>\n<li class=\"ig_afrodita\">Sp\u00fclmaschine<\/li>\n<li class=\"ig_afrodita\">Haustiere erlaubt<\/li>\n<li class=\"ig_afrodita\">Terrasse<\/li>\n<\/ul>\n<p>[\/vc_column_text][\/vc_column_inner][vc_column_inner width=&#8221;1\/3&#8243;][vc_column_text size=&#8221;0&#8243;]<\/p>\n<ul>\n<li class=\"ig_afrodita\">Kaffeemaschine<\/li>\n<li class=\"ig_afrodita\">Parkplatz<\/li>\n<li class=\"ig_afrodita\">Fitness<\/li>\n<li class=\"ig_afrodita\">Grill<\/li>\n<li class=\"ig_afrodita\">Zimmerservice<\/li>\n<\/ul>\n<p>[\/vc_column_text][\/vc_column_inner][\/vc_row_inner][\/vc_column][vc_column width=&#8221;1\/2&#8243;][vc_column_text size=&#8221;0&#8243;]<img loading=\"lazy\" class=\"alignnone wp-image-1275 size-large\" src=\"https:\/\/www.villa-afrodita.com\/wp-content\/uploads\/2018\/01\/20160720_084239-1024x768.jpg\" alt=\"\" width=\"1024\" height=\"768\" srcset=\"https:\/\/www.villa-afrodita.com\/wp-content\/uploads\/2018\/01\/20160720_084239-1024x768.jpg 1024w, https:\/\/www.villa-afrodita.com\/wp-content\/uploads\/2018\/01\/20160720_084239-300x225.jpg 300w, https:\/\/www.villa-afrodita.com\/wp-content\/uploads\/2018\/01\/20160720_084239-768x576.jpg 768w, https:\/\/www.villa-afrodita.com\/wp-content\/uploads\/2018\/01\/20160720_084239.jpg 1600w\" sizes=\"(max-width: 1024px) 100vw, 1024px\" \/>[\/vc_column_text][\/vc_column][\/vc_row][vc_row][vc_column]<div class=\"awe-special-heading text-left\" style=\"padding-bottom:30px;\"><h2>VIDEO<\/h2><\/div>[vc_video link=&#8221;https:\/\/vimeo.com\/177539062&#8243; el_aspect=&#8221;235&#8243; align=&#8221;center&#8221; css=&#8221;.vc_custom_1644851150240{padding-top: 0px !important;}&#8221;][\/vc_column][\/vc_row][vc_row full_width=&#8221;stretch_row&#8221; content_placement=&#8221;middle&#8221;][vc_column]<div class=\"awe-special-heading text-left\"><h1>360 WIEW<\/h1><\/div>[vc_gmaps link=&#8221;#E-8_JTNDaWZyYW1lJTIwc3JjJTNEJTIyaHR0cHMlM0ElMkYlMkZ3d3cuZ29vZ2xlLmNvbSUyRm1hcHMlMkZlbWJlZCUzRnBiJTNEJTIxNHYxNTE1MDcwMTQ0MDY3JTIxNm04JTIxMW03JTIxMXNDQW9TTEVGR01WRnBjRTF6U0ZnNWJEQlZaRVpVVTFwcVZHaG5RMkl4WVdwRWMxYzFTVUpoY0VKaVkwUmxWVGRsJTIxMm0yJTIxMWQ0My4yOTc2NDQ1Mjg5MTMlMjEyZDE3LjAyNjU5ODkzMDI4NSUyMTNmMi4zODg1NjQwODUzNTc0MDclMjE0ZjAuMjE0NDAzMzE2MzA1OTYxNzclMjE1ZjAuNzgyMDg2NTk3NDYyNzQ2OSUyMiUyMHdpZHRoJTNEJTIyNjAwJTIyJTIwaGVpZ2h0JTNEJTIyNDUwJTIyJTIwZnJhbWVib3JkZXIlM0QlMjIwJTIyJTIwc3R5bGUlM0QlMjJib3JkZXIlM0EwJTIyJTIwYWxsb3dmdWxsc2NyZWVuJTNFJTNDJTJGaWZyYW1lJTNF&#8221; size=&#8221;&#8221; el_class=&#8221;360 View&#8221;]<div class=\"awe-special-heading text-left\" style=\"padding-bottom:30px;\"><h2>GALERIE<\/h2><\/div>[vc_media_grid element_width=&#8221;2&#8243; gap=&#8221;0&#8243; initial_loading_animation=&#8221;none&#8221; grid_id=&#8221;vc_gid:1645021206125-f0622f5a-a93e-0&#8243; include=&#8221;1275,1481,132,1539,1473,406,575,583,1562,547,596,573,562,551,563,553,158,556,1517,1453,1552,1526,1462,1550,587,1493,1518,1485,1499,1533,1681,1541,860,678,592,1463&#8243;][\/vc_column][\/vc_row]<\/p>\n","protected":false},"excerpt":{"rendered":"<p>[vc_row full_width=&#8221;stretch_row_content_no_spaces&#8221; enable_overlay=&#8221;&#8221; el_class=&#8221;awe-table&#8221;][vc_column][\/vc_column][\/vc_row][vc_row css=&#8221;.vc_custom_1456219997854{margin-top: -36px !important;}&#8221;][vc_column][vc_empty_space height=&#8221;1px&#8221;][\/vc_column][\/vc_row][vc_row full_width=&#8221;stretch_row&#8221; css=&#8221;.vc_custom_1645021194315{padding-bottom: 10px !important;background-color: #344a71 !important;}&#8221; el_class=&#8221;check-availability&#8221;][vc_column width=&#8221;1\/2&#8243; css=&#8221;.vc_custom_1645021156572{padding-top: 20px !important;}&#8221;][vc_column_text size=&#8221;0&#8243;] VERF\u00dcGBARKEIT PR\u00dcFEN [\/vc_column_text][\/vc_column][vc_column width=&#8221;1\/2&#8243;][vc_row_inner][vc_column_inner width=&#8221;1\/2&#8243;][\/vc_column_inner][vc_column_inner width=&#8221;1\/2&#8243;][\/vc_column_inner][\/vc_row_inner][\/vc_column][\/vc_row][vc_row enable_overlay=&#8221;&#8221; css=&#8221;.vc_custom_1644588420422{margin-bottom: 60px !important;}&#8221;][vc_column width=&#8221;1\/2&#8243;][vc_column_text size=&#8221;0&#8243;][\/vc_column_text][\/vc_column][vc_column width=&#8221;1\/2&#8243;][vc_column_text size=&#8221;0&#8243; el_class=&#8221;intro&#8221;] Villa Afrodita erwartet Sie im Herzen der sch\u00f6nen Makarska in Dalmatien, die ein Synonym f\u00fcr einen idealen Urlaub. Unsere Villa &hellip;<\/p>\n","protected":false},"author":1,"featured_media":132,"parent":0,"menu_order":0,"comment_status":"closed","ping_status":"closed","template":"","meta":[],"_links":{"self":[{"href":"https:\/\/www.villa-afrodita.com\/de\/wp-json\/wp\/v2\/pages\/513"}],"collection":[{"href":"https:\/\/www.villa-afrodita.com\/de\/wp-json\/wp\/v2\/pages"}],"about":[{"href":"https:\/\/www.villa-afrodita.com\/de\/wp-json\/wp\/v2\/types\/page"}],"author":[{"embeddable":true,"href":"https:\/\/www.villa-afrodita.com\/de\/wp-json\/wp\/v2\/users\/1"}],"replies":[{"embeddable":true,"href":"https:\/\/www.villa-afrodita.com\/de\/wp-json\/wp\/v2\/comments?post=513"}],"version-history":[{"count":31,"href":"https:\/\/www.villa-afrodita.com\/de\/wp-json\/wp\/v2\/pages\/513\/revisions"}],"predecessor-version":[{"id":2361,"href":"https:\/\/www.villa-afrodita.com\/de\/wp-json\/wp\/v2\/pages\/513\/revisions\/2361"}],"wp:featuredmedia":[{"embeddable":true,"href":"https:\/\/www.villa-afrodita.com\/de\/wp-json\/wp\/v2\/media\/132"}],"wp:attachment":[{"href":"https:\/\/www.villa-afrodita.com\/de\/wp-json\/wp\/v2\/media?parent=513"}],"curies":[{"name":"wp","href":"https:\/\/api.w.org\/{rel}","templated":true}]}}